{"id":85851,"date":"2023-05-23T08:12:04","date_gmt":"2023-05-23T08:12:04","guid":{"rendered":"https:\/\/htb.com.pl\/?post_type=product&#038;p=85851"},"modified":"2024-03-05T14:30:55","modified_gmt":"2024-03-05T14:30:55","slug":"mleczko-do-wlosow-200-ml","status":"publish","type":"product","link":"https:\/\/htb.com.pl\/?product=mleczko-do-wlosow-200-ml","title":{"rendered":"Mleczko do w\u0142os\u00f3w 200 ml"},"content":{"rendered":"<p><strong>MLECZKO<\/strong>\u00a0z serii\u00a0<strong>INDIA MEDICAL<\/strong>\u00a0zwalcza \u0142amliwo\u015b\u0107 oraz chroni przed rozdwajaniem ko\u0144c\u00f3wek, u\u0142atwia rozczesywanie, od\u017cywia i nadaje w\u0142osom jedwabisto\u015bci.<\/p>\n<p>W\u0142osy sk\u0142adaj\u0105 si\u0119 w 85% z keratyny. Jej brak skutkuje tym, i\u017c staj\u0105 si\u0119 matowe, kruche, suche &#8211; wygl\u0105daj\u0105 nieestetycznie. Niedob\u00f3r keratyny mo\u017cna uzupe\u0142ni\u0107 za<br \/>\npomoc\u0105 specjalnych \u015brodk\u00f3w piel\u0119gnacyjnych, w kt\u00f3rych wyst\u0119puje wysokie st\u0119\u017cenie tego bia\u0142ka.<\/p>\n<p><strong>Mleczko z keratyn\u0105 i olejem konopnym<\/strong>\u00a0to produkt stworzony do piel\u0119gnacji wszystkich rodzaj\u00f3w w\u0142os\u00f3w. Wype\u0142nia w\u0142osy si\u0142\u0105, wilgoci\u0105, niezb\u0119dnymi pierwiastkami,<br \/>\nzwi\u0119ksza ich elastyczno\u015b\u0107 oraz nadaje atrakcyjny po\u0142ysk. Produkt ten doskonale przywraca struktur\u0119 w\u0142os\u00f3w, wzmacnia je, zapobiega \u0142amliwo\u015bci i wypadaniu, chroni<br \/>\nprzed agresywnym dzia\u0142aniem czynnik\u00f3w \u015brodowiskowych.<\/p>\n<p><strong>Olej konopny, keratyna i pantenol,<\/strong>\u00a0dzi\u0119ki swoim w\u0142a\u015bciwo\u015bciom nawil\u017caj\u0105cym, od\u017cywczym i wzmacniaj\u0105cym, wspomagaj\u0105 regeneracj\u0119 w\u0142os\u00f3w. Kompleks witamin B3,<br \/>\nB6, E, C dodatkowo poprawia kondycj\u0119 w\u0142os\u00f3w. Ekstrakt z ry\u017cu wp\u0142ywa na nawil\u017cenia w\u0142os\u00f3w, a tak\u017ce poprawia ich wygl\u0105d \u2013 Twoje w\u0142osy stan\u0105 si\u0119 b\u0142yszcz\u0105ce i b\u0119d\u0105<br \/>\nsi\u0119 lepiej uk\u0142ada\u0107.<\/p>\n<p><strong>\u00a0<\/strong><\/p>\n<p><strong>Spos\u00f3b u\u017cycia:\u00a0<\/strong>nanie\u015b\u0107 na wilgotne w\u0142osy, delikatnie wmasowa\u0107 w sk\u00f3r\u0119 g\u0142owy do wytworzenia piany, a nast\u0119pnie obficie sp\u0142uka\u0107.<\/p>\n<p><strong>Ingredients<\/strong>: Aqua, Sodium Cocoamphoacetate, Lauryl Glucoside, Cocamido-<br \/>\npropyl Betaine, Coco-Glucoside, Sodium Chloride, Glyceryl Oleate, PEG-150<br \/>\nPentaerythrityl Tetrastearate, Lactic Acid, Styrene\/Acrylates Copolymer, PEG-7<br \/>\nGlyceryl Cocoate, Propylene Glycol, PEG-6 Caprylic\/Capric Glycerides, Sodium<br \/>\nBenzoate, Parfum, Panthenol, Hydroxypropyl Guar Hydroxypropyltrimonium<br \/>\nChloride, Hydrogenated Castor Oil, Niacinamide, Calcium Pantothenate,<br \/>\nSodium Ascorbyl Phosphate, Tocopheryl Acetate, Pyridoxine HCl, Maltodextrin,|<br \/>\nSodium Starch Octenylsuccinate, Silica, Citric Acid, Potassium Sorbate, Laurdi-<br \/>\nmonium Hydroxypropyl Hydrolyzed Keratin, Cannabis Sativa Seed Oil, Oryza<br \/>\nSativa Extract, Polyquaternium-7, Phenoxyethanol, Benzoic Acid, Tocopherol,<br \/>\nHydrogenated Palm Glycerides Citrate.<\/p>\n<p><strong>Pojemno\u015b\u0107<\/strong>: 50 ml<\/p>\n","protected":false},"excerpt":{"rendered":"<p><img loading=\"lazy\" decoding=\"async\" class=\"alignnone size-full wp-image-44980\" src=\"https:\/\/htb.com.pl\/wp-content\/uploads\/2019\/06\/Tel-ma\u0142y.jpg\" alt=\"\" width=\"97\" height=\"100\" \/> (+48) 519652500<\/p>\n<h1><a href=\"https:\/\/www.indiacosmetics.pl\/p\/mleczko-do-wlosow-200-ml,433\">TU ZAMAWIAMY<\/a><\/h1>\n<p><strong>Koszyk to towar wyprzeda\u017cowy<\/strong><\/p>\n<h1><\/h1>\n","protected":false},"featured_media":85852,"comment_status":"open","ping_status":"closed","template":"","meta":[],"class_list":{"0":"post-85851","1":"product","2":"type-product","3":"status-publish","4":"has-post-thumbnail","6":"product_cat-specyfiki-marysi","7":"product_tag-mleczko-do-wlosow-200-ml","9":"first","10":"instock","11":"taxable","12":"shipping-taxable","13":"purchasable","14":"product-type-simple"},"jetpack_sharing_enabled":true,"_links":{"self":[{"href":"https:\/\/htb.com.pl\/index.php?rest_route=\/wp\/v2\/product\/85851","targetHints":{"allow":["GET"]}}],"collection":[{"href":"https:\/\/htb.com.pl\/index.php?rest_route=\/wp\/v2\/product"}],"about":[{"href":"https:\/\/htb.com.pl\/index.php?rest_route=\/wp\/v2\/types\/product"}],"replies":[{"embeddable":true,"href":"https:\/\/htb.com.pl\/index.php?rest_route=%2Fwp%2Fv2%2Fcomments&post=85851"}],"wp:featuredmedia":[{"embeddable":true,"href":"https:\/\/htb.com.pl\/index.php?rest_route=\/wp\/v2\/media\/85852"}],"wp:attachment":[{"href":"https:\/\/htb.com.pl\/index.php?rest_route=%2Fwp%2Fv2%2Fmedia&parent=85851"}],"curies":[{"name":"wp","href":"https:\/\/api.w.org\/{rel}","templated":true}]}}