{"id":85854,"date":"2023-05-23T08:17:18","date_gmt":"2023-05-23T08:17:18","guid":{"rendered":"https:\/\/htb.com.pl\/?post_type=product&#038;p=85854"},"modified":"2024-03-05T14:35:24","modified_gmt":"2024-03-05T14:35:24","slug":"serum-do-wlosow-200-ml","status":"publish","type":"product","link":"https:\/\/htb.com.pl\/?product=serum-do-wlosow-200-ml","title":{"rendered":"Serum do w\u0142os\u00f3w 200 ml"},"content":{"rendered":"<p><strong>SERUM\u00a0<\/strong>INDIA MEDICAL do w\u0142os\u00f3w s\u0142abych, wypadaj\u0105cych, przerzedzonych.<\/p>\n<p>&nbsp;<\/p>\n<p><strong>Twoje w\u0142osy s\u0105 g\u0142adkie i pos\u0142uszne!<\/strong><\/p>\n<p>Serum z serii INDIA MEDICAL zapewni bezpieczn\u0105 oraz Intensywn\u0105 regeneracj\u0119 w\u0142os\u00f3w, zmi\u0119kczenie i nawil\u017canie w\u0142os\u00f3w oraz sk\u00f3ry g\u0142owy.<\/p>\n<p>Serum INDIA wzbogacone jest w 100% o naturalne ekstrakty ro\u015blinne, kt\u00f3re wzmacniaj\u0105 \u0142odygi w\u0142osa, przez co w\u0142osy staj\u0105 si\u0119 bardziej odporne<\/p>\n<p>na czynniki zewn\u0119trzne i dzia\u0142anie preparat\u00f3w termicznych. Serum na bazie aktywnych sk\u0142adnik\u00f3w przywr\u00f3ci w\u0142osom elastyczno\u015b\u0107, lustrzany po\u0142ysk i blask.<\/p>\n<p>\u0141agodne serum myj\u0105ce. U\u0142atwia rozczesywanie w\u0142os\u00f3w i zapobiega ich elektryzowaniu si\u0119. Olej konopny nadaje w\u0142osom po\u0142ysk, g\u0142adko\u015b\u0107 i sprawia, \u017ce s\u0105 mniej<\/p>\n<p>podatne \u0142amliwo\u015bci. Wspomaga w \u0142agodzeniu podra\u017cnie\u0144 sk\u00f3ry g\u0142owy.<\/p>\n<p><strong>Delikatna formu\u0142a, do codziennego stosowania.<\/strong><\/p>\n<p>&nbsp;<\/p>\n<p><strong>Spos\u00f3b u\u017cycia:\u00a0<\/strong>na wilgotne w\u0142osy delikatnie wmasowa\u0107 w sk\u00f3r\u0119 g\u0142owy do wytworzenia piany, a nast\u0119pnie obficie sp\u0142uka\u0107.<\/p>\n<p>&nbsp;<\/p>\n<p><strong>Ingredients:<\/strong>\u00a0Aqua, Sodium Cocoamphoacetate, Lauryl Glucoside, Cocamido-<br \/>\npropyl Betaine, Coco-Glucoside, Sodium Chloride, Glyceryl Oleate, Lactic Acid,<br \/>\nPEG-150 Pentaerythrityl Tetrastearate, PEG-7 Glyceryl Cocoate, Styrene\/Acry-<br \/>\nlates Copolymer, Sodium Benzoate, Potassium Sorbate, PEG-6 Caprylic\/Capric<br \/>\nGlycerides, Parfum, Beta Glucan, Cannabis Sativa Seed Oil, Hydroxypropyl<br \/>\nGuar Hydroxypropyltrimonium Chloride, Hydrogenated Castor Oil, Citric Acid,<br \/>\nPanthenol, Polyquaternium-7, Maltodextrin, Benzoic Acid, Levulinic Acid,<br \/>\nGlycerin, Sodium Levulinate, Tocopherol, Hydrogenated Palm Glycerides Citra-<br \/>\nte.<\/p>\n<p>&nbsp;<\/p>\n<p><strong>Pojemno\u015b\u0107<\/strong>: 200 ml<\/p>\n","protected":false},"excerpt":{"rendered":"<p><img loading=\"lazy\" decoding=\"async\" class=\"alignnone size-full wp-image-44980\" src=\"https:\/\/htb.com.pl\/wp-content\/uploads\/2019\/06\/Tel-ma\u0142y.jpg\" alt=\"\" width=\"97\" height=\"100\" \/> (+48) 519652500<\/p>\n<h1><a href=\"https:\/\/www.indiacosmetics.pl\/p\/serum-do-wlosow-200-ml,432\">TU ZAMAWIAMY<\/a><\/h1>\n<p><strong>Koszyk to towar wyprzeda\u017cowy<\/strong><\/p>\n<h1><\/h1>\n","protected":false},"featured_media":85855,"comment_status":"open","ping_status":"closed","template":"","meta":[],"class_list":{"0":"post-85854","1":"product","2":"type-product","3":"status-publish","4":"has-post-thumbnail","6":"product_cat-specyfiki-marysi","7":"product_tag-serum-do-wlosow-200-ml","9":"first","10":"instock","11":"taxable","12":"shipping-taxable","13":"purchasable","14":"product-type-simple"},"jetpack_sharing_enabled":true,"_links":{"self":[{"href":"https:\/\/htb.com.pl\/index.php?rest_route=\/wp\/v2\/product\/85854","targetHints":{"allow":["GET"]}}],"collection":[{"href":"https:\/\/htb.com.pl\/index.php?rest_route=\/wp\/v2\/product"}],"about":[{"href":"https:\/\/htb.com.pl\/index.php?rest_route=\/wp\/v2\/types\/product"}],"replies":[{"embeddable":true,"href":"https:\/\/htb.com.pl\/index.php?rest_route=%2Fwp%2Fv2%2Fcomments&post=85854"}],"wp:featuredmedia":[{"embeddable":true,"href":"https:\/\/htb.com.pl\/index.php?rest_route=\/wp\/v2\/media\/85855"}],"wp:attachment":[{"href":"https:\/\/htb.com.pl\/index.php?rest_route=%2Fwp%2Fv2%2Fmedia&parent=85854"}],"curies":[{"name":"wp","href":"https:\/\/api.w.org\/{rel}","templated":true}]}}