{"id":88210,"date":"2023-07-09T11:05:51","date_gmt":"2023-07-09T11:05:51","guid":{"rendered":"https:\/\/htb.com.pl\/?post_type=product&#038;p=88210"},"modified":"2024-04-24T11:13:26","modified_gmt":"2024-04-24T11:13:26","slug":"konopna-kawa-naturalna-100-arabika-150g","status":"publish","type":"product","link":"https:\/\/htb.com.pl\/?product=konopna-kawa-naturalna-100-arabika-150g","title":{"rendered":"Konopna kawa naturalna 100% ARABIKA, 150g"},"content":{"rendered":"<p>Kawa 100% Arabika India sk\u0142ada si\u0119 z charakterystycznego po\u0142\u0105czenia 2 odmian Arabiki pochodzenia r\u00f3wnikowego oraz 4 odmian Arabiki pochodzenia wysokog\u00f3rskiego. Ta odpowiednio wyselekcjonowana kompozycja daje niezapomniane doznania smakowe. Staranna selekcja ziaren na ka\u017cdym etapie produkcji, jest gwarancj\u0105 najwy\u017cszej jako\u015bci, a ich odpowiedni stopie\u0144 wypalenia nadaje niepowtarzalny smak i doskona\u0142y aromat. Kawa pozostawia przyjemny, lekko kwaskowaty posmak, a dzi\u0119ki obecno\u015bci nut konopnych i pikantnych przypraw, otrzymujemy napar o niesamowitym smaku.<\/p>\n<p>&nbsp;<\/p>\n<p>Dzi\u0119ki naszej kawie we w\u0142asnym domu mo\u017cesz poczu\u0107 si\u0119 jak w prawdziwej kawiarni.<\/p>\n<p>&nbsp;<\/p>\n<h2>KONOPNA KAWA W ZIARNACH DO EKSPRESU<\/h2>\n<h3>\u015aWIETNA ALTERNATYWA DLA ZWYK\u0141EJ KAWY I HERBATY<\/h3>\n<p>&nbsp;<\/p>\n<p>Nasza kawa to pierwsze w Polsce po\u0142\u0105czenie kawy 100% Arabika, z delikatn\u0105 nut\u0105 konopi. Mo\u017cesz by\u0107 pewien, \u017ce kawa z konopiami b\u0119dzie aromatyczna, a Ty b\u0119dziesz m\u00f3g\u0142 poczu\u0107 si\u0119 jak prawdziwy barista, podaj\u0105c j\u0105 swoim znajomym.<\/p>\n<p>&nbsp;<\/p>\n<h2>CECHY KAWY PALONEJ W ZIARNACH<\/h2>\n<p>&nbsp;<\/p>\n<p>Profil smakowy: konopie, kwiaty, pikantne przyprawy.<\/p>\n<p>Rodzaj kawy: ziarna.<\/p>\n<p><strong>Sk\u0142adniki:<\/strong>\u00a0100% Arabika.<\/p>\n<p><strong>Kraj pochodzenia:\u00a0<\/strong>Ukraina<\/p>\n<p><strong>Zawarto\u015b\u0107:<\/strong>\u00a0150 g,<\/p>\n<p>Warunki przechowywania: przechowywa\u0107 w suchym i ch\u0142odnym miejscu.<\/p>\n<p>&nbsp;<\/p>\n<h2>REKOMENDOWANY SPOS\u00d3B PARZENIA KAWY Z KONOPIAMI:<\/h2>\n<p>&nbsp;<\/p>\n<p>Kaw\u0119 z konopiami mo\u017cemy zaparzy\u0107 m.in. w ekspresie, imbryku, czy te\u017c w kawiarce. To od Ciebie zale\u017cy, kt\u00f3ry spos\u00f3b zaparzenia kawy wybierzesz. Jednego mo\u017cesz by\u0107 pewien, kawa z konopiami b\u0119dzie aromatyczna i zapami\u0119tasz ten smak na d\u0142ugo!<\/p>\n<p>*\u00a0<strong>THC<\/strong>&lt;0,2%<\/p>\n<p><strong>\u00a0 \u00a0<\/strong><strong>CBD\u00a0<\/strong>naturalnie wyst\u0119puje w konopi siewnej (Cannabis Sativa L).<\/p>\n<p>&nbsp;<\/p>\n","protected":false},"excerpt":{"rendered":"<p><img loading=\"lazy\" decoding=\"async\" class=\"alignnone size-full wp-image-44980\" src=\"https:\/\/htb.com.pl\/wp-content\/uploads\/2019\/06\/Tel-ma\u0142y.jpg\" alt=\"\" width=\"97\" height=\"100\" \/> (+48) 519652500<\/p>\n<h1><a href=\"https:\/\/www.indiacosmetics.pl\/p\/konopna-kawa-naturalna-100-arabika-150g,417\">TU ZAMAWIAMY<\/a><\/h1>\n<h2>KAWA Z NUT\u0104 KONOPI<\/h2>\n","protected":false},"featured_media":88211,"comment_status":"open","ping_status":"closed","template":"","meta":[],"class_list":{"0":"post-88210","1":"product","2":"type-product","3":"status-publish","4":"has-post-thumbnail","6":"product_cat-specyfiki-marysi","7":"product_tag-150g","8":"product_tag-konopna-kawa-naturalna-100-arabika","10":"first","11":"instock","12":"taxable","13":"shipping-taxable","14":"purchasable","15":"product-type-simple"},"jetpack_sharing_enabled":true,"_links":{"self":[{"href":"https:\/\/htb.com.pl\/index.php?rest_route=\/wp\/v2\/product\/88210","targetHints":{"allow":["GET"]}}],"collection":[{"href":"https:\/\/htb.com.pl\/index.php?rest_route=\/wp\/v2\/product"}],"about":[{"href":"https:\/\/htb.com.pl\/index.php?rest_route=\/wp\/v2\/types\/product"}],"replies":[{"embeddable":true,"href":"https:\/\/htb.com.pl\/index.php?rest_route=%2Fwp%2Fv2%2Fcomments&post=88210"}],"wp:featuredmedia":[{"embeddable":true,"href":"https:\/\/htb.com.pl\/index.php?rest_route=\/wp\/v2\/media\/88211"}],"wp:attachment":[{"href":"https:\/\/htb.com.pl\/index.php?rest_route=%2Fwp%2Fv2%2Fmedia&parent=88210"}],"curies":[{"name":"wp","href":"https:\/\/api.w.org\/{rel}","templated":true}]}}