{"id":88213,"date":"2023-07-09T11:13:26","date_gmt":"2023-07-09T11:13:26","guid":{"rendered":"https:\/\/htb.com.pl\/?post_type=product&#038;p=88213"},"modified":"2024-04-24T11:10:34","modified_gmt":"2024-04-24T11:10:34","slug":"peeling-kokosowy-250-g","status":"publish","type":"product","link":"https:\/\/htb.com.pl\/?product=peeling-kokosowy-250-g","title":{"rendered":"Peeling kokosowy, 250 g"},"content":{"rendered":"<p><strong>Rozbud\u017a swoje zmys\u0142y aromatycznym kokosem<\/strong><\/p>\n<p>Konopny peeling kokosowy z olejem konopnym dzia\u0142a z\u0142uszczaj\u0105co i uj\u0119drniaj\u0105co. Pomaga w redukcji martwych kom\u00f3rek nask\u00f3rka oraz ogranicza powstawanie cellulitu, pomaga r\u00f3wnie\u017c w walce z nim.<br \/>\nSk\u00f3ra po zastosowaniu staje si\u0119 oczyszczona, g\u0142adka i od\u017cywiona.<\/p>\n<p>Relaksuj\u0105cy, kokosowo-migda\u0142owy peeling ma zapach, kt\u00f3ry rozbudza zmys\u0142y i zapewnia doskona\u0142e samopoczucie.<\/p>\n<h2>SK\u0141ADNIKI AKTYWNE KOKOSOWEGO PEELINGU<\/h2>\n<ul>\n<li>\n<ul>\n<li>Olej konopny<\/li>\n<\/ul>\n<\/li>\n<\/ul>\n<p>dzia\u0142a od\u017cywczo, jednocze\u015bnie op\u00f3\u017ania proces starzenia si\u0119 sk\u00f3ry,<\/p>\n<ul>\n<li>\n<ul>\n<li>Olej kokosowy<\/li>\n<\/ul>\n<\/li>\n<\/ul>\n<p>intensywnie zmi\u0119kcza i nawil\u017ca nask\u00f3rek,<\/p>\n<ul>\n<li>\n<ul>\n<li>Olej ze s\u0142odkich migda\u0142\u00f3w<\/li>\n<\/ul>\n<\/li>\n<\/ul>\n<p>poprawia elastyczno\u015b\u0107, j\u0119drno\u015b\u0107 i spr\u0119\u017cysto\u015b\u0107 sk\u00f3ry.<\/p>\n<p><strong>Ingredients:<\/strong>\u00a0Sucrose, Prunus Amygdalus Dulcis Oil, Silica Dimethyl Silylate, Olus Oil, Polysorbate 80, Parfum, Simmondsia Chinensis Seed Oil, Cannabis Sativa Seed Oil, Cocos Nucifera Oil, Tocopherol, Beta-Sitosterol, Squalene, Ascorbyl Palmitate, Lecithin, Propylene Glycol, Hydrogenated Vegetable Glycerides Citrate, Benzyl Benzoate, Dehydroacetic Acid, Benzyl Alcohol.<\/p>\n<p><strong>Pojemno\u015b\u0107:<\/strong>\u00a0250 g<\/p>\n","protected":false},"excerpt":{"rendered":"<p><img loading=\"lazy\" decoding=\"async\" class=\"alignnone size-full wp-image-44980\" src=\"https:\/\/htb.com.pl\/wp-content\/uploads\/2019\/06\/Tel-ma\u0142y.jpg\" alt=\"\" width=\"97\" height=\"100\" \/> (+48) 519652500<\/p>\n<h1><a href=\"https:\/\/www.indiacosmetics.pl\/p\/peeling-kokosowy-z-olejem-konopnym-250-g,228\">TU ZAMAWIAMY<\/a><\/h1>\n","protected":false},"featured_media":88214,"comment_status":"open","ping_status":"closed","template":"","meta":[],"class_list":{"0":"post-88213","1":"product","2":"type-product","3":"status-publish","4":"has-post-thumbnail","6":"product_cat-specyfiki-marysi","7":"product_tag-250-g","8":"product_tag-peeling-kokosowy","10":"first","11":"instock","12":"taxable","13":"shipping-taxable","14":"purchasable","15":"product-type-simple"},"jetpack_sharing_enabled":true,"_links":{"self":[{"href":"https:\/\/htb.com.pl\/index.php?rest_route=\/wp\/v2\/product\/88213","targetHints":{"allow":["GET"]}}],"collection":[{"href":"https:\/\/htb.com.pl\/index.php?rest_route=\/wp\/v2\/product"}],"about":[{"href":"https:\/\/htb.com.pl\/index.php?rest_route=\/wp\/v2\/types\/product"}],"replies":[{"embeddable":true,"href":"https:\/\/htb.com.pl\/index.php?rest_route=%2Fwp%2Fv2%2Fcomments&post=88213"}],"wp:featuredmedia":[{"embeddable":true,"href":"https:\/\/htb.com.pl\/index.php?rest_route=\/wp\/v2\/media\/88214"}],"wp:attachment":[{"href":"https:\/\/htb.com.pl\/index.php?rest_route=%2Fwp%2Fv2%2Fmedia&parent=88213"}],"curies":[{"name":"wp","href":"https:\/\/api.w.org\/{rel}","templated":true}]}}