{"id":95214,"date":"2023-11-26T11:20:29","date_gmt":"2023-11-26T11:20:29","guid":{"rendered":"https:\/\/htb.com.pl\/?post_type=product&#038;p=95214"},"modified":"2024-04-26T08:09:47","modified_gmt":"2024-04-26T08:09:47","slug":"masc-rozgrzewajaca-50-ml","status":"publish","type":"product","link":"https:\/\/htb.com.pl\/?product=masc-rozgrzewajaca-50-ml","title":{"rendered":"Ma\u015b\u0107 rozgrzewaj\u0105ca, 50 ml"},"content":{"rendered":"<h2>ROZGRZEWAJ\u0104CA MA\u015a\u0106 KONOPNA<\/h2>\n<p>Ma\u015b\u0107 konopna rozgrzewaj\u0105ca przywraca uczucie ciep\u0142a, dzia\u0142a koj\u0105co i rozlu\u017aniaj\u0105co. Ma\u015b\u0107 z naturalnym, t\u0142oczonym na zimno olejem konopnym. Ma\u015b\u0107 na stawy zawiera ekstrakt z papryki i imbiru, a tak\u017ce substancj\u0119 rozgrzewaj\u0105c\u0105 o od\u015bwie\u017caj\u0105cym, waniliowym aromacie, kt\u00f3ra zapewnia d\u0142ugotrwa\u0142y efekt rozgrzania i nie podra\u017cnia tak jak podobnie dzia\u0142aj\u0105ce \u015brodki.<br \/>\nMa\u015b\u0107 rozgrzewaj\u0105ca zosta\u0142a wzbogacona o olej ze s\u0142odkich migda\u0142\u00f3w, kt\u00f3ry dodatkowo nat\u0142uszcza, od\u017cywia, wyg\u0142adza i chroni sk\u00f3r\u0119.<\/p>\n<h2>MA\u015a\u0106 STOSUJE SI\u0118 W PRZYPADKU:<\/h2>\n<ul>\n<li>\n<ul>\n<li>b\u00f3l kolana,<\/li>\n<li>zesztywnienie staw\u00f3w,<\/li>\n<li>b\u00f3l mi\u0119\u015bni, przewlek\u0142e stany zapalne i opuchlizny,<\/li>\n<li>do rozgrzania mi\u0119\u015bni i staw\u00f3w przed wysi\u0142kiem,<\/li>\n<li>do rozgrzania &#8220;zimnych st\u00f3p&#8221; lub &#8220;zimnych d\u0142oni&#8221;,<\/li>\n<li>b\u00f3le nadgarstka,<\/li>\n<li>rwa kulszowa.<\/li>\n<\/ul>\n<\/li>\n<\/ul>\n<h2><img loading=\"lazy\" decoding=\"async\" src=\"https:\/\/www.indiacosmetics.pl\/files\/SEO\/nowe%20ikonki%20seo%20minima_Obszar%20roboczy%201%20kopia%204.png\" alt=\"masc z konopi\" width=\"40\" height=\"35\" \/>JAK U\u017bYWA\u0106 MA\u015aCI KONOPNEJ?<\/h2>\n<p>Rozprowad\u017a ma\u015b\u0107 miejscowo na sk\u00f3r\u0119 i wmasuj.<\/p>\n<p><strong>Ingredients:<\/strong>\u00a0Aqua, Caprylic\/Capric Triglyceride, Cetearyl Alcohol, Glycerin, Olus Oil, Glyceryl Stearates, Cannabis Sativa Seed Oil, Propylene Glycol, Glyceryl Stearate Citrate, Prunus Amygdalus Dulcis Oil, Hydrogenanted Vegetable Oil, Candellila Cera, Capsicum Annuum Extract, Zingiber Officinale Extract, Vanillyl Butyl Ether, Phenoxyethanol, Ethylhexylglycerin, Benzyl Alcohol, Xanthan Gum, Disodium EDTA, Tocopherol<\/p>\n<p><strong>Pojemno\u015b\u0107:<\/strong>\u00a050 ml<\/p>\n<p>&nbsp;<\/p>\n","protected":false},"excerpt":{"rendered":"<p><img loading=\"lazy\" decoding=\"async\" class=\"alignnone size-full wp-image-44980\" src=\"https:\/\/htb.com.pl\/wp-content\/uploads\/2019\/06\/Tel-ma\u0142y.jpg\" alt=\"\" width=\"97\" height=\"100\" \/> (+48) 519652500<\/p>\n<h1><a href=\"https:\/\/www.indiacosmetics.pl\/p\/masc-rozgrzewajaca-50-ml,246\">TU ZAMAWIAMY<\/a><\/h1>\n","protected":false},"featured_media":95215,"comment_status":"open","ping_status":"closed","template":"","meta":[],"class_list":{"0":"post-95214","1":"product","2":"type-product","3":"status-publish","4":"has-post-thumbnail","6":"product_cat-specyfiki-marysi","7":"product_tag-50-ml","8":"product_tag-masc-rozgrzewajaca","10":"first","11":"instock","12":"taxable","13":"shipping-taxable","14":"purchasable","15":"product-type-simple"},"jetpack_sharing_enabled":true,"_links":{"self":[{"href":"https:\/\/htb.com.pl\/index.php?rest_route=\/wp\/v2\/product\/95214","targetHints":{"allow":["GET"]}}],"collection":[{"href":"https:\/\/htb.com.pl\/index.php?rest_route=\/wp\/v2\/product"}],"about":[{"href":"https:\/\/htb.com.pl\/index.php?rest_route=\/wp\/v2\/types\/product"}],"replies":[{"embeddable":true,"href":"https:\/\/htb.com.pl\/index.php?rest_route=%2Fwp%2Fv2%2Fcomments&post=95214"}],"wp:featuredmedia":[{"embeddable":true,"href":"https:\/\/htb.com.pl\/index.php?rest_route=\/wp\/v2\/media\/95215"}],"wp:attachment":[{"href":"https:\/\/htb.com.pl\/index.php?rest_route=%2Fwp%2Fv2%2Fmedia&parent=95214"}],"curies":[{"name":"wp","href":"https:\/\/api.w.org\/{rel}","templated":true}]}}